{"id":2165,"date":"2025-04-24T08:51:01","date_gmt":"2025-04-24T08:51:01","guid":{"rendered":"https:\/\/themesflat.co\/furniture-vineta\/?page_id=2165"},"modified":"2026-03-30T09:25:43","modified_gmt":"2026-03-30T09:25:43","slug":"faq","status":"publish","type":"page","link":"https:\/\/v.reklamsart.com\/tr\/faq\/","title":{"rendered":"SSS"},"content":{"rendered":"<div data-elementor-type=\"wp-page\" data-elementor-id=\"2165\" class=\"elementor elementor-2165\" data-elementor-post-type=\"page\">\n\t\t\t\t<div class=\"elementor-element elementor-element-5f3280a e-flex e-con-boxed e-con e-parent\" data-id=\"5f3280a\" data-element_type=\"container\" data-e-type=\"container\">\n\t\t\t\t\t<div class=\"e-con-inner\">\n\t\t<div class=\"elementor-element elementor-element-af7b127 e-con-full e-flex e-con e-child\" data-id=\"af7b127\" data-element_type=\"container\" data-e-type=\"container\">\n\t\t\t\t<\/div>\n\t\t<div class=\"elementor-element elementor-element-091d89f e-con-full e-flex e-con e-child\" data-id=\"091d89f\" data-element_type=\"container\" data-e-type=\"container\">\n\t\t\t\t<div class=\"elementor-element elementor-element-541cc7b elementor-widget elementor-widget-eael-breadcrumbs\" data-id=\"541cc7b\" data-element_type=\"widget\" data-e-type=\"widget\" data-widget_type=\"eael-breadcrumbs.default\">\n\t\t\t\t<div class=\"elementor-widget-container\">\n\t\t\t\t\t\t\t<div class=\"eael-breadcrumbs\">\n\t\t\t<div class=\"eael-breadcrumbs__content\"><a href=\"https:\/\/v.reklamsart.com\/tr\">Anasayfa<\/a> <span class=\"eael-breadcrumb-separator\">\/<\/span> <span class = \"eael-current\">Sayfa<\/span><\/div>\t\t<\/div>\n\t\t\t\t\t\t<\/div>\n\t\t\t\t<\/div>\n\t\t\t\t<\/div>\n\t\t\t\t\t<\/div>\n\t\t\t\t<\/div>\n\t\t<div class=\"elementor-element elementor-element-54e6fb5 e-flex e-con-boxed e-con e-parent\" data-id=\"54e6fb5\" data-element_type=\"container\" data-e-type=\"container\">\n\t\t\t\t\t<div class=\"e-con-inner\">\n\t\t<div class=\"elementor-element elementor-element-63511da e-con-full e-flex e-con e-child\" data-id=\"63511da\" data-element_type=\"container\" data-e-type=\"container\">\n\t\t<div class=\"elementor-element elementor-element-fcc3e0e e-con-full e-flex e-con e-child\" data-id=\"fcc3e0e\" data-element_type=\"container\" data-e-type=\"container\">\n\t\t\t\t<div class=\"elementor-element elementor-element-dc19ea6 elementor-widget elementor-widget-heading\" data-id=\"dc19ea6\" data-element_type=\"widget\" data-e-type=\"widget\" data-widget_type=\"heading.default\">\n\t\t\t\t\t<h6 class=\"elementor-heading-title elementor-size-default\">Al\u0131\u015fveri\u015f Bilgileri<\/h6>\t\t\t\t<\/div>\n\t\t\t\t<div class=\"elementor-element elementor-element-0ebf26f elementor-widget__width-initial elementor-widget elementor-widget-vineta_accordion\" data-id=\"0ebf26f\" data-element_type=\"widget\" data-e-type=\"widget\" data-widget_type=\"vineta_accordion.default\">\n\t\t\t\t<div class=\"elementor-widget-container\">\n\t\t\t\t\t<div class=\"tf-accordion\"> \r\n\r\n\t\t\t\t<div class=\"tf-accordion-item\"><div class=\"accordion-title\"><span class=\"title-text\">Sipari\u015fimin kargoya verilmesi ne kadar s\u00fcrer?<\/span> \t\t\r\n\r\n\t\t\t\t<span class=\"wrap-accordion-icon wrap-accordion-icon-right\">\t\t\r\n\r\n\t\t\t\t<span class=\"accordion-icon accordion-icon-close\"><i aria-hidden=\"true\" class=\"icon-arr-down\"><\/i><\/span>\r\n\r\n\t\t\t\t<span class=\"accordion-icon accordion-icon-open\"><i aria-hidden=\"true\" class=\"icon-arr-down\"><\/i><\/span>\r\n\r\n\t\t\t\t<\/span><\/div> <div class=\"accordion-content\"><p>Lorem Ipsum is simply dummy of free available in market the printing and typesetting industry has been industry's standard.<\/p><\/div><\/div><div class=\"tf-accordion-item inactive\"><div class=\"accordion-title  inactive\"><span class=\"title-text\">\u00dccretsiz kargo hizmeti sunuyor musunuz?<\/span> \t\t\r\n\r\n\t\t\t\t<span class=\"wrap-accordion-icon wrap-accordion-icon-right\">\t\t\r\n\r\n\t\t\t\t<span class=\"accordion-icon accordion-icon-close\"><i aria-hidden=\"true\" class=\"icon-arr-down\"><\/i><\/span>\r\n\r\n\t\t\t\t<span class=\"accordion-icon accordion-icon-open\"><i aria-hidden=\"true\" class=\"icon-arr-down\"><\/i><\/span>\r\n\r\n\t\t\t\t<\/span><\/div> <div class=\"accordion-content\"><p>Lorem Ipsum is simply dummy of free available in market the printing and typesetting industry has been industry's standard.<\/p><\/div><\/div><div class=\"tf-accordion-item inactive\"><div class=\"accordion-title  inactive\"><span class=\"title-text\">Sipari\u015f verdikten sonra teslimat adresimi de\u011fi\u015ftirebilir miyim?<\/span> \t\t\r\n\r\n\t\t\t\t<span class=\"wrap-accordion-icon wrap-accordion-icon-right\">\t\t\r\n\r\n\t\t\t\t<span class=\"accordion-icon accordion-icon-close\"><i aria-hidden=\"true\" class=\"icon-arr-down\"><\/i><\/span>\r\n\r\n\t\t\t\t<span class=\"accordion-icon accordion-icon-open\"><i aria-hidden=\"true\" class=\"icon-arr-down\"><\/i><\/span>\r\n\r\n\t\t\t\t<\/span><\/div> <div class=\"accordion-content\"><p>Lorem Ipsum is simply dummy of free available in market the printing and typesetting industry has been industry's standard.<\/p><\/div><\/div><div class=\"tf-accordion-item inactive\"><div class=\"accordion-title  inactive\"><span class=\"title-text\">Ya paketim gecikirse veya kaybolursa?<\/span> \t\t\r\n\r\n\t\t\t\t<span class=\"wrap-accordion-icon wrap-accordion-icon-right\">\t\t\r\n\r\n\t\t\t\t<span class=\"accordion-icon accordion-icon-close\"><i aria-hidden=\"true\" class=\"icon-arr-down\"><\/i><\/span>\r\n\r\n\t\t\t\t<span class=\"accordion-icon accordion-icon-open\"><i aria-hidden=\"true\" class=\"icon-arr-down\"><\/i><\/span>\r\n\r\n\t\t\t\t<\/span><\/div> <div class=\"accordion-content\"><p>Lorem Ipsum is simply dummy of free available in market the printing and typesetting industry has been industry's standard.<\/p><\/div><\/div>\r\n\r\n            <\/div>\t\t\t\t<\/div>\n\t\t\t\t<\/div>\n\t\t\t\t<\/div>\n\t\t<div class=\"elementor-element elementor-element-d854c96 e-con-full e-flex e-con e-child\" data-id=\"d854c96\" data-element_type=\"container\" data-e-type=\"container\">\n\t\t\t\t<div class=\"elementor-element elementor-element-07ac060 elementor-widget elementor-widget-heading\" data-id=\"07ac060\" data-element_type=\"widget\" data-e-type=\"widget\" data-widget_type=\"heading.default\">\n\t\t\t\t\t<h6 class=\"elementor-heading-title elementor-size-default\">\u00d6deme Bilgileri<\/h6>\t\t\t\t<\/div>\n\t\t\t\t<div class=\"elementor-element elementor-element-bd40b8c elementor-widget__width-initial elementor-widget elementor-widget-vineta_accordion\" data-id=\"bd40b8c\" data-element_type=\"widget\" data-e-type=\"widget\" data-widget_type=\"vineta_accordion.default\">\n\t\t\t\t<div class=\"elementor-widget-container\">\n\t\t\t\t\t<div class=\"tf-accordion\"> \r\n\r\n\t\t\t\t<div class=\"tf-accordion-item\"><div class=\"accordion-title\"><span class=\"title-text\">Hangi \u00f6deme y\u00f6ntemlerini kabul ediyorsunuz?<\/span> \t\t\r\n\r\n\t\t\t\t<span class=\"wrap-accordion-icon wrap-accordion-icon-right\">\t\t\r\n\r\n\t\t\t\t<span class=\"accordion-icon accordion-icon-close\"><i aria-hidden=\"true\" class=\"icon-arr-down\"><\/i><\/span>\r\n\r\n\t\t\t\t<span class=\"accordion-icon accordion-icon-open\"><i aria-hidden=\"true\" class=\"icon-arr-down\"><\/i><\/span>\r\n\r\n\t\t\t\t<\/span><\/div> <div class=\"accordion-content\"><p>Lorem Ipsum is simply dummy of free available in market the printing and typesetting industry has been industry's standard.<\/p><\/div><\/div><div class=\"tf-accordion-item inactive\"><div class=\"accordion-title  inactive\"><span class=\"title-text\">\u00d6deme bilgilerim g\u00fcvende mi?<\/span> \t\t\r\n\r\n\t\t\t\t<span class=\"wrap-accordion-icon wrap-accordion-icon-right\">\t\t\r\n\r\n\t\t\t\t<span class=\"accordion-icon accordion-icon-close\"><i aria-hidden=\"true\" class=\"icon-arr-down\"><\/i><\/span>\r\n\r\n\t\t\t\t<span class=\"accordion-icon accordion-icon-open\"><i aria-hidden=\"true\" class=\"icon-arr-down\"><\/i><\/span>\r\n\r\n\t\t\t\t<\/span><\/div> <div class=\"accordion-content\"><p>Lorem Ipsum is simply dummy of free available in market the printing and typesetting industry has been industry's standard.<\/p><\/div><\/div><div class=\"tf-accordion-item inactive\"><div class=\"accordion-title  inactive\"><span class=\"title-text\">Sipari\u015fim i\u00e7in birden fazla \u00f6deme y\u00f6ntemi kullanabilir miyim?<\/span> \t\t\r\n\r\n\t\t\t\t<span class=\"wrap-accordion-icon wrap-accordion-icon-right\">\t\t\r\n\r\n\t\t\t\t<span class=\"accordion-icon accordion-icon-close\"><i aria-hidden=\"true\" class=\"icon-arr-down\"><\/i><\/span>\r\n\r\n\t\t\t\t<span class=\"accordion-icon accordion-icon-open\"><i aria-hidden=\"true\" class=\"icon-arr-down\"><\/i><\/span>\r\n\r\n\t\t\t\t<\/span><\/div> <div class=\"accordion-content\"><p>Lorem Ipsum is simply dummy of free available in market the printing and typesetting industry has been industry's standard.<\/p><\/div><\/div><div class=\"tf-accordion-item inactive\"><div class=\"accordion-title  inactive\"><span class=\"title-text\">Sipari\u015fim ne zaman faturaland\u0131r\u0131lacak?<\/span> \t\t\r\n\r\n\t\t\t\t<span class=\"wrap-accordion-icon wrap-accordion-icon-right\">\t\t\r\n\r\n\t\t\t\t<span class=\"accordion-icon accordion-icon-close\"><i aria-hidden=\"true\" class=\"icon-arr-down\"><\/i><\/span>\r\n\r\n\t\t\t\t<span class=\"accordion-icon accordion-icon-open\"><i aria-hidden=\"true\" class=\"icon-arr-down\"><\/i><\/span>\r\n\r\n\t\t\t\t<\/span><\/div> <div class=\"accordion-content\"><p>Lorem Ipsum is simply dummy of free available in market the printing and typesetting industry has been industry's standard.<\/p><\/div><\/div>\r\n\r\n            <\/div>\t\t\t\t<\/div>\n\t\t\t\t<\/div>\n\t\t\t\t<\/div>\n\t\t<div class=\"elementor-element elementor-element-4d6bf2b e-con-full e-flex e-con e-child\" data-id=\"4d6bf2b\" data-element_type=\"container\" data-e-type=\"container\">\n\t\t\t\t<div class=\"elementor-element elementor-element-b663b8a elementor-widget elementor-widget-heading\" data-id=\"b663b8a\" data-element_type=\"widget\" data-e-type=\"widget\" data-widget_type=\"heading.default\">\n\t\t\t\t\t<h6 class=\"elementor-heading-title elementor-size-default\">\u0130ade ve De\u011fi\u015fim<\/h6>\t\t\t\t<\/div>\n\t\t\t\t<div class=\"elementor-element elementor-element-7789571 elementor-widget__width-initial elementor-widget elementor-widget-vineta_accordion\" data-id=\"7789571\" data-element_type=\"widget\" data-e-type=\"widget\" data-widget_type=\"vineta_accordion.default\">\n\t\t\t\t<div class=\"elementor-widget-container\">\n\t\t\t\t\t<div class=\"tf-accordion\"> \r\n\r\n\t\t\t\t<div class=\"tf-accordion-item active\"><div class=\"accordion-title  active\"><span class=\"title-text\">\u0130ade ko\u015fullar\u0131n\u0131z nelerdir?<\/span> \t\t\r\n\r\n\t\t\t\t<span class=\"wrap-accordion-icon wrap-accordion-icon-right\">\t\t\r\n\r\n\t\t\t\t<span class=\"accordion-icon accordion-icon-close\"><i aria-hidden=\"true\" class=\"icon-arr-down\"><\/i><\/span>\r\n\r\n\t\t\t\t<span class=\"accordion-icon accordion-icon-open\"><i aria-hidden=\"true\" class=\"icon-arr-down\"><\/i><\/span>\r\n\r\n\t\t\t\t<\/span><\/div> <div class=\"accordion-content\"><p>Teslimattan itibaren 14 g\u00fcn i\u00e7inde iade kabul ediyoruz. \u00dcr\u00fcnler giyilmemi\u015f, y\u0131kanmam\u0131\u015f ve orijinal durumlar\u0131nda olmal\u0131d\u0131r.<\/p><\/div><\/div><div class=\"tf-accordion-item active\"><div class=\"accordion-title  active\"><span class=\"title-text\">Bir \u00fcr\u00fcn\u00fc nas\u0131l iade edebilirim?<\/span> \t\t\r\n\r\n\t\t\t\t<span class=\"wrap-accordion-icon wrap-accordion-icon-right\">\t\t\r\n\r\n\t\t\t\t<span class=\"accordion-icon accordion-icon-close\"><i aria-hidden=\"true\" class=\"icon-arr-down\"><\/i><\/span>\r\n\r\n\t\t\t\t<span class=\"accordion-icon accordion-icon-open\"><i aria-hidden=\"true\" class=\"icon-arr-down\"><\/i><\/span>\r\n\r\n\t\t\t\t<\/span><\/div> <div class=\"accordion-content\"><p>\u0130ade onay\u0131 almak i\u00e7in m\u00fc\u015fteri hizmetleri ekibimizle ileti\u015fime ge\u00e7meniz yeterlidir; biz de \u00fcr\u00fcn\u00fc geri g\u00f6ndermeniz i\u00e7in gerekli talimatlar\u0131 size iletece\u011fiz.<\/p><\/div><\/div><div class=\"tf-accordion-item active\"><div class=\"accordion-title  active\"><span class=\"title-text\">\u0130ade edilemeyen \u00fcr\u00fcnler var m\u0131?<\/span> \t\t\r\n\r\n\t\t\t\t<span class=\"wrap-accordion-icon wrap-accordion-icon-right\">\t\t\r\n\r\n\t\t\t\t<span class=\"accordion-icon accordion-icon-close\"><i aria-hidden=\"true\" class=\"icon-arr-down\"><\/i><\/span>\r\n\r\n\t\t\t\t<span class=\"accordion-icon accordion-icon-open\"><i aria-hidden=\"true\" class=\"icon-arr-down\"><\/i><\/span>\r\n\r\n\t\t\t\t<\/span><\/div> <div class=\"accordion-content\"><p>Evet, indirimli \u00fcr\u00fcnler, ki\u015fiye \u00f6zel \u00fcr\u00fcnler ve i\u00e7 \u00e7ama\u015f\u0131rlar\u0131 iade edilemez.<\/p><\/div><\/div><div class=\"tf-accordion-item active\"><div class=\"accordion-title  active\"><span class=\"title-text\">Geri \u00f6dememi ne zaman alaca\u011f\u0131m?<\/span> \t\t\r\n\r\n\t\t\t\t<span class=\"wrap-accordion-icon wrap-accordion-icon-right\">\t\t\r\n\r\n\t\t\t\t<span class=\"accordion-icon accordion-icon-close\"><i aria-hidden=\"true\" class=\"icon-arr-down\"><\/i><\/span>\r\n\r\n\t\t\t\t<span class=\"accordion-icon accordion-icon-open\"><i aria-hidden=\"true\" class=\"icon-arr-down\"><\/i><\/span>\r\n\r\n\t\t\t\t<\/span><\/div> <div class=\"accordion-content\"><p>\u0130adeniz bize ula\u015f\u0131p incelendikten sonra, 5-7 i\u015f g\u00fcn\u00fc i\u00e7inde geri \u00f6demenizi ger\u00e7ekle\u015ftirece\u011fiz.<\/p><\/div><\/div>\r\n\r\n            <\/div>\t\t\t\t<\/div>\n\t\t\t\t<\/div>\n\t\t\t\t<\/div>\n\t\t\t\t<\/div>\n\t\t\t\t\t<\/div>\n\t\t\t\t<\/div>\n\t\t\t\t<\/div>","protected":false},"excerpt":{"rendered":"<p>Home \/ Page Shopping Information How long will it take for my order to ship? [&hellip;]<\/p>","protected":false},"author":1,"featured_media":0,"parent":0,"menu_order":0,"comment_status":"closed","ping_status":"closed","template":"elementor_header_footer","meta":{"footnotes":""},"class_list":["post-2165","page","type-page","status-publish","hentry"],"_links":{"self":[{"href":"https:\/\/v.reklamsart.com\/tr\/wp-json\/wp\/v2\/pages\/2165","targetHints":{"allow":["GET"]}}],"collection":[{"href":"https:\/\/v.reklamsart.com\/tr\/wp-json\/wp\/v2\/pages"}],"about":[{"href":"https:\/\/v.reklamsart.com\/tr\/wp-json\/wp\/v2\/types\/page"}],"author":[{"embeddable":true,"href":"https:\/\/v.reklamsart.com\/tr\/wp-json\/wp\/v2\/users\/1"}],"replies":[{"embeddable":true,"href":"https:\/\/v.reklamsart.com\/tr\/wp-json\/wp\/v2\/comments?post=2165"}],"version-history":[{"count":32,"href":"https:\/\/v.reklamsart.com\/tr\/wp-json\/wp\/v2\/pages\/2165\/revisions"}],"predecessor-version":[{"id":9769,"href":"https:\/\/v.reklamsart.com\/tr\/wp-json\/wp\/v2\/pages\/2165\/revisions\/9769"}],"wp:attachment":[{"href":"https:\/\/v.reklamsart.com\/tr\/wp-json\/wp\/v2\/media?parent=2165"}],"curies":[{"name":"wp","href":"https:\/\/api.w.org\/{rel}","templated":true}]}}